{"id":3622,"date":"2025-09-04T18:35:53","date_gmt":"2025-09-04T18:35:53","guid":{"rendered":"https:\/\/rightnow.mx\/?page_id=3622"},"modified":"2025-09-05T23:56:37","modified_gmt":"2025-09-05T23:56:37","slug":"quienes-somos","status":"publish","type":"page","link":"https:\/\/rightnow.mx\/index.php\/quienes-somos\/","title":{"rendered":"\u00bfQui\u00e9nes Somos?"},"content":{"rendered":"<p>Rightnow.mx es un espacio para una generaci\u00f3n que defiende el libre mercado, la seguridad y el m\u00e9rito. Hablamos claro y sin eufemismos.<br \/>\n<strong>Pertenecemos a Medios Digitales Nacionales<\/strong>, una red de medios con visi\u00f3n y car\u00e1cter.<\/p>\n<p><img loading=\"lazy\" decoding=\"async\" class=\"size-medium wp-image-3624 aligncenter\" src=\"https:\/\/rightnow.mx\/wp-content\/uploads\/2025\/09\/1-2-300x300.png\" alt=\"\" width=\"300\" height=\"300\" srcset=\"https:\/\/rightnow.mx\/wp-content\/uploads\/2025\/09\/1-2-300x300.png 300w, https:\/\/rightnow.mx\/wp-content\/uploads\/2025\/09\/1-2-100x100.png 100w, https:\/\/rightnow.mx\/wp-content\/uploads\/2025\/09\/1-2-150x150.png 150w, https:\/\/rightnow.mx\/wp-content\/uploads\/2025\/09\/1-2-70x70.png 70w, https:\/\/rightnow.mx\/wp-content\/uploads\/2025\/09\/1-2-400x400.png 400w, https:\/\/rightnow.mx\/wp-content\/uploads\/2025\/09\/1-2.png 500w\" sizes=\"auto, (max-width: 300px) 100vw, 300px\" \/><\/p>\n","protected":false},"excerpt":{"rendered":"<p>Rightnow.mx es un espacio para una generaci\u00f3n que defiende el libre mercado, la seguridad y el m\u00e9rito. Hablamos claro y sin eufemismos. Pertenecemos a Medios Digitales Nacionales, una red de medios con visi\u00f3n y car\u00e1cter.<\/p>\n","protected":false},"author":1,"featured_media":0,"parent":0,"menu_order":0,"comment_status":"closed","ping_status":"closed","template":"","meta":{"footnotes":""},"class_list":["post-3622","page","type-page","status-publish","hentry"],"_links":{"self":[{"href":"https:\/\/rightnow.mx\/index.php\/wp-json\/wp\/v2\/pages\/3622","targetHints":{"allow":["GET"]}}],"collection":[{"href":"https:\/\/rightnow.mx\/index.php\/wp-json\/wp\/v2\/pages"}],"about":[{"href":"https:\/\/rightnow.mx\/index.php\/wp-json\/wp\/v2\/types\/page"}],"author":[{"embeddable":true,"href":"https:\/\/rightnow.mx\/index.php\/wp-json\/wp\/v2\/users\/1"}],"replies":[{"embeddable":true,"href":"https:\/\/rightnow.mx\/index.php\/wp-json\/wp\/v2\/comments?post=3622"}],"version-history":[{"count":5,"href":"https:\/\/rightnow.mx\/index.php\/wp-json\/wp\/v2\/pages\/3622\/revisions"}],"predecessor-version":[{"id":4387,"href":"https:\/\/rightnow.mx\/index.php\/wp-json\/wp\/v2\/pages\/3622\/revisions\/4387"}],"wp:attachment":[{"href":"https:\/\/rightnow.mx\/index.php\/wp-json\/wp\/v2\/media?parent=3622"}],"curies":[{"name":"wp","href":"https:\/\/api.w.org\/{rel}","templated":true}]}}